{"id":40,"date":"2021-09-07T15:12:12","date_gmt":"2021-09-07T13:12:12","guid":{"rendered":"https:\/\/hotel-fogl.cz\/?page_id=40"},"modified":"2025-02-06T23:11:07","modified_gmt":"2025-02-06T22:11:07","slug":"hotel","status":"publish","type":"page","link":"https:\/\/hotel-fogl.cz\/de\/hotel\/","title":{"rendered":"Hotel"},"content":{"rendered":"\n<div class=\"wp-block-columns is-layout-flex wp-container-core-columns-is-layout-9d6595d7 wp-block-columns-is-layout-flex\">\n<div class=\"wp-block-column is-layout-flow wp-block-column-is-layout-flow\" style=\"flex-basis:66.66%\">\n<h2 class=\"wp-block-heading\">Die Ausstattung des Hotels<\/h2>\n\n\n\n<p>Unterkunft: im Hotel sind 10 Einzimmer mit 2 Betten und ein Zweizimmer mit 4 Betten. Zu jedem Zimmen geh\u00f6ren WC, Duschbad und Farbfernsehen.<\/p>\n\n\n\n<h2 class=\"wp-block-heading\">Preisliste f\u00fcr 2025<\/h2>\n\n\n\n<table style=\"height: 316px; width: 100%; background-color: #e4ebe5;\">\n<tbody>\n<tr style=\"height: 22px;\">\n<td style=\"height: 66px; width: 25.6932%;\" rowspan=\"3\">1.1. &#8211; 30.6.<br \/>1.9. &#8211; 31.12.<\/td>\n<td style=\"height: 22px; text-align: center; width: 44.732%;\">Einbettzimmer<\/td>\n<td style=\"height: 22px; text-align: right; width: 27.7264%;\">1250,- K\u010d\/Tag<\/td>\n<\/tr>\n<tr style=\"height: 22px;\">\n<td style=\"height: 22px; text-align: center; width: 44.732%;\">Einzimmer (2-Betten)<\/td>\n<td style=\"height: 22px; text-align: right; width: 27.7264%;\">1350,- K\u010d\/Tag<\/td>\n<\/tr>\n<tr style=\"height: 22px;\">\n<td style=\"height: 22px; text-align: center; width: 44.732%;\">Zweizimmer (4-Betten)<\/td>\n<td style=\"height: 22px; text-align: right; width: 27.7264%;\">1620,- K\u010d\/Tag<\/td>\n<\/tr>\n<tr style=\"height: 22px;\">\n<td style=\"height: 66px; width: 25.6932%;\" rowspan=\"3\">1.7. &#8211; 31.8.<\/td>\n<td style=\"height: 22px; text-align: center; width: 44.732%;\">Einbettzimmer<\/td>\n<td style=\"height: 22px; text-align: right; width: 27.7264%;\">1250,- K\u010d\/Tag<\/td>\n<\/tr>\n<tr style=\"height: 22px;\">\n<td style=\"height: 22px; text-align: center; width: 44.732%;\">Einzimmer (2-Betten)<\/td>\n<td style=\"height: 22px; text-align: right; width: 27.7264%;\">1400,- K\u010d\/Tag<\/td>\n<\/tr>\n<tr style=\"height: 22px;\">\n<td style=\"height: 22px; text-align: center; width: 44.732%;\">Zweizimmer (4-Betten)<\/td>\n<td style=\"height: 22px; text-align: right; width: 27.7264%;\">1750,- K\u010d\/Tag<\/td>\n<\/tr>\n<tr style=\"height: 22px;\">\n<td style=\"height: 22px; width: 98.1516%;\" colspan=\"3\">\u00a0<\/td>\n<\/tr>\n<tr style=\"height: 22px;\">\n<td style=\"height: 22px; width: 70.4251%;\" colspan=\"2\">Extrabett<\/td>\n<td style=\"height: 22px; text-align: right; width: 27.7264%;\">250,- K\u010d\/Tag<\/td>\n<\/tr>\n<tr style=\"height: 74px;\">\n<td style=\"height: 74px; width: 98.1516%;\" colspan=\"3\">\n<p>*) Preise sind ohne Fr\u00fchst\u00fcck<br \/>**) Fr\u00fchst\u00fcck kann bestellt werden, 150,- K\u010d\/Person\/Tag<\/p>\n<\/td>\n<\/tr>\n<\/tbody>\n<\/table>\n\n\n\n<div class=\"wp-block-buttons is-layout-flex wp-block-buttons-is-layout-flex\">\n<div class=\"wp-block-button has-custom-width wp-block-button__width-100 has-custom-font-size is-style-fill has-normal-font-size\"><a class=\"wp-block-button__link has-luminous-vivid-amber-color has-text-color has-background wp-element-button\" href=\"https:\/\/www.booking.com\/hotel\/cz\/fogl.de.html?label=gen173nr-1FCAsoOkIEZm9nbEgHWARoOogBAZgBBbgBGcgBD9gBAegBAfgBA4gCAagCA7gC5taduQbAAgHSAiQxODcxYTE5ZC0zNDBiLTRhNzktYjRmYy1kNjFiMTkwYjc3YTbYAgXgAgE&#038;sid=a6efd998ee95abb17cc2043fb8ff5996&#038;dist=0&#038;keep_landing=1&#038;sb_price_type=total&#038;type=total&#038;lang=de&#038;soz=1&#038;lang_changed=1&#038;explicit_lang_change=1\" style=\"border-radius:16px;background-color:#254723\" target=\"_blank\" rel=\"noreferrer noopener\"><strong>R E S E R V I E R U N G<\/strong><\/a><\/div>\n<\/div>\n\n\n\n<p><\/p>\n<\/div>\n\n\n\n<div class=\"wp-block-column is-layout-flow wp-block-column-is-layout-flow\" style=\"flex-basis:33.33%\">\n<figure class=\"wp-block-image size-full is-resized\"><img loading=\"lazy\" decoding=\"async\" width=\"1024\" height=\"768\" src=\"https:\/\/hotel-fogl.cz\/wp-content\/uploads\/2021\/09\/pokoj2.jpg\" alt=\"\" class=\"wp-image-216\" srcset=\"https:\/\/hotel-fogl.cz\/wp-content\/uploads\/2021\/09\/pokoj2.jpg 1024w, https:\/\/hotel-fogl.cz\/wp-content\/uploads\/2021\/09\/pokoj2-300x225.jpg 300w, https:\/\/hotel-fogl.cz\/wp-content\/uploads\/2021\/09\/pokoj2-768x576.jpg 768w\" sizes=\"auto, (max-width: 1024px) 100vw, 1024px\" \/><\/figure>\n\n\n\n<figure class=\"wp-block-image size-full is-resized\"><img loading=\"lazy\" decoding=\"async\" width=\"1024\" height=\"768\" src=\"https:\/\/hotel-fogl.cz\/wp-content\/uploads\/2021\/09\/pokoj3.jpg\" alt=\"\" class=\"wp-image-224\" srcset=\"https:\/\/hotel-fogl.cz\/wp-content\/uploads\/2021\/09\/pokoj3.jpg 1024w, https:\/\/hotel-fogl.cz\/wp-content\/uploads\/2021\/09\/pokoj3-300x225.jpg 300w, https:\/\/hotel-fogl.cz\/wp-content\/uploads\/2021\/09\/pokoj3-768x576.jpg 768w\" sizes=\"auto, (max-width: 1024px) 100vw, 1024px\" \/><\/figure>\n\n\n\n<figure class=\"wp-block-image size-large is-resized\"><img loading=\"lazy\" decoding=\"async\" width=\"1024\" height=\"683\" src=\"https:\/\/hotel-fogl.cz\/wp-content\/uploads\/2021\/09\/pokoj_dvur_01-1024x683.jpg\" alt=\"\" class=\"wp-image-232\" srcset=\"https:\/\/hotel-fogl.cz\/wp-content\/uploads\/2021\/09\/pokoj_dvur_01-1024x683.jpg 1024w, https:\/\/hotel-fogl.cz\/wp-content\/uploads\/2021\/09\/pokoj_dvur_01-300x200.jpg 300w, https:\/\/hotel-fogl.cz\/wp-content\/uploads\/2021\/09\/pokoj_dvur_01-768x512.jpg 768w, https:\/\/hotel-fogl.cz\/wp-content\/uploads\/2021\/09\/pokoj_dvur_01-1536x1024.jpg 1536w, https:\/\/hotel-fogl.cz\/wp-content\/uploads\/2021\/09\/pokoj_dvur_01-2048x1365.jpg 2048w\" sizes=\"auto, (max-width: 1024px) 100vw, 1024px\" \/><\/figure>\n\n\n\n<figure class=\"wp-block-image size-full is-resized\"><img loading=\"lazy\" decoding=\"async\" width=\"1024\" height=\"768\" src=\"https:\/\/hotel-fogl.cz\/wp-content\/uploads\/2021\/09\/dvur6.jpg\" alt=\"\" class=\"wp-image-223\" srcset=\"https:\/\/hotel-fogl.cz\/wp-content\/uploads\/2021\/09\/dvur6.jpg 1024w, https:\/\/hotel-fogl.cz\/wp-content\/uploads\/2021\/09\/dvur6-300x225.jpg 300w, https:\/\/hotel-fogl.cz\/wp-content\/uploads\/2021\/09\/dvur6-768x576.jpg 768w\" sizes=\"auto, (max-width: 1024px) 100vw, 1024px\" \/><\/figure>\n<\/div>\n<\/div>\n\n\n\n<p><\/p>\n","protected":false},"excerpt":{"rendered":"<p>Die Ausstattung des Hotels Unterkunft: im Hotel sind 10 Einzimmer mit 2 Betten und ein Zweizimmer mit 4 Betten. Zu jedem Zimmen geh\u00f6ren WC, Duschbad und Farbfernsehen. Preisliste f\u00fcr 2025 1.1. &#8211; 30.6.1.9. &#8211; 31.12. Einbettzimmer 1250,- K\u010d\/Tag Einzimmer (2-Betten) 1350,- K\u010d\/Tag Zweizimmer (4-Betten) 1620,- K\u010d\/Tag 1.7. &#8211; 31.8. Einbettzimmer 1250,- K\u010d\/Tag Einzimmer (2-Betten) 1400,- [&hellip;]<\/p>\n","protected":false},"author":1,"featured_media":0,"parent":0,"menu_order":0,"comment_status":"closed","ping_status":"closed","template":"","meta":{"ocean_post_layout":"","ocean_both_sidebars_style":"","ocean_both_sidebars_content_width":0,"ocean_both_sidebars_sidebars_width":0,"ocean_sidebar":"0","ocean_second_sidebar":"0","ocean_disable_margins":"enable","ocean_add_body_class":"","ocean_shortcode_before_top_bar":"","ocean_shortcode_after_top_bar":"","ocean_shortcode_before_header":"","ocean_shortcode_after_header":"","ocean_has_shortcode":"","ocean_shortcode_after_title":"","ocean_shortcode_before_footer_widgets":"","ocean_shortcode_after_footer_widgets":"","ocean_shortcode_before_footer_bottom":"","ocean_shortcode_after_footer_bottom":"","ocean_display_top_bar":"default","ocean_display_header":"default","ocean_header_style":"","ocean_center_header_left_menu":"0","ocean_custom_header_template":"0","ocean_custom_logo":0,"ocean_custom_retina_logo":0,"ocean_custom_logo_max_width":0,"ocean_custom_logo_tablet_max_width":0,"ocean_custom_logo_mobile_max_width":0,"ocean_custom_logo_max_height":0,"ocean_custom_logo_tablet_max_height":0,"ocean_custom_logo_mobile_max_height":0,"ocean_header_custom_menu":"0","ocean_menu_typo_font_family":"0","ocean_menu_typo_font_subset":"","ocean_menu_typo_font_size":0,"ocean_menu_typo_font_size_tablet":0,"ocean_menu_typo_font_size_mobile":0,"ocean_menu_typo_font_size_unit":"px","ocean_menu_typo_font_weight":"","ocean_menu_typo_font_weight_tablet":"","ocean_menu_typo_font_weight_mobile":"","ocean_menu_typo_transform":"","ocean_menu_typo_transform_tablet":"","ocean_menu_typo_transform_mobile":"","ocean_menu_typo_line_height":0,"ocean_menu_typo_line_height_tablet":0,"ocean_menu_typo_line_height_mobile":0,"ocean_menu_typo_line_height_unit":"","ocean_menu_typo_spacing":0,"ocean_menu_typo_spacing_tablet":0,"ocean_menu_typo_spacing_mobile":0,"ocean_menu_typo_spacing_unit":"","ocean_menu_link_color":"","ocean_menu_link_color_hover":"","ocean_menu_link_color_active":"","ocean_menu_link_background":"","ocean_menu_link_hover_background":"","ocean_menu_link_active_background":"","ocean_menu_social_links_bg":"","ocean_menu_social_hover_links_bg":"","ocean_menu_social_links_color":"","ocean_menu_social_hover_links_color":"","ocean_disable_title":"default","ocean_disable_heading":"default","ocean_post_title":"","ocean_post_subheading":"","ocean_post_title_style":"","ocean_post_title_background_color":"","ocean_post_title_background":0,"ocean_post_title_bg_image_position":"","ocean_post_title_bg_image_attachment":"","ocean_post_title_bg_image_repeat":"","ocean_post_title_bg_image_size":"","ocean_post_title_height":0,"ocean_post_title_bg_overlay":0.5,"ocean_post_title_bg_overlay_color":"","ocean_disable_breadcrumbs":"default","ocean_breadcrumbs_color":"","ocean_breadcrumbs_separator_color":"","ocean_breadcrumbs_links_color":"","ocean_breadcrumbs_links_hover_color":"","ocean_display_footer_widgets":"default","ocean_display_footer_bottom":"default","ocean_custom_footer_template":"0","footnotes":""},"class_list":["post-40","page","type-page","status-publish","hentry","entry"],"_links":{"self":[{"href":"https:\/\/hotel-fogl.cz\/de\/wp-json\/wp\/v2\/pages\/40","targetHints":{"allow":["GET"]}}],"collection":[{"href":"https:\/\/hotel-fogl.cz\/de\/wp-json\/wp\/v2\/pages"}],"about":[{"href":"https:\/\/hotel-fogl.cz\/de\/wp-json\/wp\/v2\/types\/page"}],"author":[{"embeddable":true,"href":"https:\/\/hotel-fogl.cz\/de\/wp-json\/wp\/v2\/users\/1"}],"replies":[{"embeddable":true,"href":"https:\/\/hotel-fogl.cz\/de\/wp-json\/wp\/v2\/comments?post=40"}],"version-history":[{"count":12,"href":"https:\/\/hotel-fogl.cz\/de\/wp-json\/wp\/v2\/pages\/40\/revisions"}],"predecessor-version":[{"id":1006,"href":"https:\/\/hotel-fogl.cz\/de\/wp-json\/wp\/v2\/pages\/40\/revisions\/1006"}],"wp:attachment":[{"href":"https:\/\/hotel-fogl.cz\/de\/wp-json\/wp\/v2\/media?parent=40"}],"curies":[{"name":"wp","href":"https:\/\/api.w.org\/{rel}","templated":true}]}}