{"id":64,"date":"2021-09-07T15:47:48","date_gmt":"2021-09-07T13:47:48","guid":{"rendered":"https:\/\/hotel-fogl.cz\/?page_id=64"},"modified":"2024-11-03T13:28:43","modified_gmt":"2024-11-03T12:28:43","slug":"okoli-vylety","status":"publish","type":"page","link":"https:\/\/hotel-fogl.cz\/de\/okoli-vylety\/","title":{"rendered":"Umwelt"},"content":{"rendered":"\n<div class=\"wp-block-columns is-layout-flex wp-container-core-columns-is-layout-9d6595d7 wp-block-columns-is-layout-flex\">\n<div class=\"wp-block-column is-layout-flow wp-block-column-is-layout-flow\">\n<h2 class=\"wp-block-heading\">Natur<\/h2>\n\n\n\n<p>In der Umgebung Neu Bistritz gibt es viel W\u00e4lder und Teiche, zwischen die bekanntesten geh\u00f6rt der Teich Osika, der 2 km von Neu Bistritz liegt. B\u00f6hmisches Kanada wird ber\u00fchmt mit den unber\u00fchrten W\u00e4ldern, die ein Paradies f\u00fcr die Pilze zu finden bilden.<\/p>\n\n\n\n<h2 class=\"wp-block-heading\">Sport<\/h2>\n\n\n\n<p>Neu Bistritz bietet auch viel Sportm\u00f6glichkeiten an. Zu den popul\u00e4rsten Aktiviteten geh\u00f6ren Turistik und Radfahren in die Grenzegebiete, weiter Schwimmen, Windsurfing und Tennis. In der n\u00e4he Neu Bistritz kan man auch Golfsportplatz finden. Aus dem Angebot an die Indoorsporte kann man Kegelspiel, Schiessport nennen. Sehr beliebt ist auch Billiard.<\/p>\n\n\n\n<h2 class=\"wp-block-heading\">Andere<\/h2>\n\n\n\n<p>Die Stadt liegt fast an der Grenze zu \u00d6sterreich, deshalb k\u00f6nnen sie auch einen Tag dem Besuch des Landes \u00d6sterreichs widmen.<\/p>\n<\/div>\n\n\n\n<div class=\"wp-block-column is-layout-flow wp-block-column-is-layout-flow\"><div class=\"wp-block-image\">\n<figure class=\"aligncenter size-full is-resized\"><img loading=\"lazy\" decoding=\"async\" width=\"280\" height=\"200\" src=\"https:\/\/hotel-fogl.cz\/wp-content\/uploads\/2021\/09\/bystrice.jpg\" alt=\"\" class=\"wp-image-65\" style=\"width:319px;height:228px\"\/><\/figure>\n<\/div>\n\n<div class=\"wp-block-image\">\n<figure class=\"aligncenter size-full is-resized\"><img loading=\"lazy\" decoding=\"async\" width=\"280\" height=\"186\" src=\"https:\/\/hotel-fogl.cz\/wp-content\/uploads\/2021\/09\/masinka.jpg\" alt=\"\" class=\"wp-image-66\" style=\"width:321px;height:213px\"\/><\/figure>\n<\/div><\/div>\n<\/div>\n","protected":false},"excerpt":{"rendered":"<p>Natur In der Umgebung Neu Bistritz gibt es viel W\u00e4lder und Teiche, zwischen die bekanntesten geh\u00f6rt der Teich Osika, der 2 km von Neu Bistritz liegt. B\u00f6hmisches Kanada wird ber\u00fchmt mit den unber\u00fchrten W\u00e4ldern, die ein Paradies f\u00fcr die Pilze zu finden bilden. Sport Neu Bistritz bietet auch viel Sportm\u00f6glichkeiten an. Zu den popul\u00e4rsten Aktiviteten [&hellip;]<\/p>\n","protected":false},"author":1,"featured_media":0,"parent":0,"menu_order":0,"comment_status":"closed","ping_status":"closed","template":"","meta":{"ocean_post_layout":"","ocean_both_sidebars_style":"","ocean_both_sidebars_content_width":0,"ocean_both_sidebars_sidebars_width":0,"ocean_sidebar":"0","ocean_second_sidebar":"0","ocean_disable_margins":"enable","ocean_add_body_class":"","ocean_shortcode_before_top_bar":"","ocean_shortcode_after_top_bar":"","ocean_shortcode_before_header":"","ocean_shortcode_after_header":"","ocean_has_shortcode":"","ocean_shortcode_after_title":"","ocean_shortcode_before_footer_widgets":"","ocean_shortcode_after_footer_widgets":"","ocean_shortcode_before_footer_bottom":"","ocean_shortcode_after_footer_bottom":"","ocean_display_top_bar":"default","ocean_display_header":"default","ocean_header_style":"","ocean_center_header_left_menu":"0","ocean_custom_header_template":"0","ocean_custom_logo":0,"ocean_custom_retina_logo":0,"ocean_custom_logo_max_width":0,"ocean_custom_logo_tablet_max_width":0,"ocean_custom_logo_mobile_max_width":0,"ocean_custom_logo_max_height":0,"ocean_custom_logo_tablet_max_height":0,"ocean_custom_logo_mobile_max_height":0,"ocean_header_custom_menu":"0","ocean_menu_typo_font_family":"0","ocean_menu_typo_font_subset":"","ocean_menu_typo_font_size":0,"ocean_menu_typo_font_size_tablet":0,"ocean_menu_typo_font_size_mobile":0,"ocean_menu_typo_font_size_unit":"px","ocean_menu_typo_font_weight":"","ocean_menu_typo_font_weight_tablet":"","ocean_menu_typo_font_weight_mobile":"","ocean_menu_typo_transform":"","ocean_menu_typo_transform_tablet":"","ocean_menu_typo_transform_mobile":"","ocean_menu_typo_line_height":0,"ocean_menu_typo_line_height_tablet":0,"ocean_menu_typo_line_height_mobile":0,"ocean_menu_typo_line_height_unit":"","ocean_menu_typo_spacing":0,"ocean_menu_typo_spacing_tablet":0,"ocean_menu_typo_spacing_mobile":0,"ocean_menu_typo_spacing_unit":"","ocean_menu_link_color":"","ocean_menu_link_color_hover":"","ocean_menu_link_color_active":"","ocean_menu_link_background":"","ocean_menu_link_hover_background":"","ocean_menu_link_active_background":"","ocean_menu_social_links_bg":"","ocean_menu_social_hover_links_bg":"","ocean_menu_social_links_color":"","ocean_menu_social_hover_links_color":"","ocean_disable_title":"default","ocean_disable_heading":"default","ocean_post_title":"","ocean_post_subheading":"","ocean_post_title_style":"","ocean_post_title_background_color":"","ocean_post_title_background":0,"ocean_post_title_bg_image_position":"","ocean_post_title_bg_image_attachment":"","ocean_post_title_bg_image_repeat":"","ocean_post_title_bg_image_size":"","ocean_post_title_height":0,"ocean_post_title_bg_overlay":0.5,"ocean_post_title_bg_overlay_color":"","ocean_disable_breadcrumbs":"default","ocean_breadcrumbs_color":"","ocean_breadcrumbs_separator_color":"","ocean_breadcrumbs_links_color":"","ocean_breadcrumbs_links_hover_color":"","ocean_display_footer_widgets":"default","ocean_display_footer_bottom":"default","ocean_custom_footer_template":"0","footnotes":""},"class_list":["post-64","page","type-page","status-publish","hentry","entry"],"_links":{"self":[{"href":"https:\/\/hotel-fogl.cz\/de\/wp-json\/wp\/v2\/pages\/64","targetHints":{"allow":["GET"]}}],"collection":[{"href":"https:\/\/hotel-fogl.cz\/de\/wp-json\/wp\/v2\/pages"}],"about":[{"href":"https:\/\/hotel-fogl.cz\/de\/wp-json\/wp\/v2\/types\/page"}],"author":[{"embeddable":true,"href":"https:\/\/hotel-fogl.cz\/de\/wp-json\/wp\/v2\/users\/1"}],"replies":[{"embeddable":true,"href":"https:\/\/hotel-fogl.cz\/de\/wp-json\/wp\/v2\/comments?post=64"}],"version-history":[{"count":4,"href":"https:\/\/hotel-fogl.cz\/de\/wp-json\/wp\/v2\/pages\/64\/revisions"}],"predecessor-version":[{"id":971,"href":"https:\/\/hotel-fogl.cz\/de\/wp-json\/wp\/v2\/pages\/64\/revisions\/971"}],"wp:attachment":[{"href":"https:\/\/hotel-fogl.cz\/de\/wp-json\/wp\/v2\/media?parent=64"}],"curies":[{"name":"wp","href":"https:\/\/api.w.org\/{rel}","templated":true}]}}