{"id":72,"date":"2021-09-07T15:51:38","date_gmt":"2021-09-07T13:51:38","guid":{"rendered":"https:\/\/hotel-fogl.cz\/?page_id=72"},"modified":"2024-11-03T13:40:24","modified_gmt":"2024-11-03T12:40:24","slug":"kontakt","status":"publish","type":"page","link":"https:\/\/hotel-fogl.cz\/de\/kontakt\/","title":{"rendered":"Kontakt"},"content":{"rendered":"\n<div class=\"wp-block-columns is-layout-flex wp-container-core-columns-is-layout-9d6595d7 wp-block-columns-is-layout-flex\">\n<div class=\"wp-block-column is-layout-flow wp-block-column-is-layout-flow\">\n<p class=\"has-normal-font-size\"><strong>Hotel Fogl s.r.o.<\/strong><br>M\u00edrov\u00e9 n\u00e1m\u011bst\u00ed 24<br>378 33 Nov\u00e1 Byst\u0159ice<br>Czech Republic<br><br>I\u010c: 05638186 &#8211; DI\u010c: CZ05638186<br><br><strong><strong>Rezeption &#8211; Restaurant:<\/strong><\/strong> +420-384 386 338<br><strong>Weinstube:<\/strong> +420-384 386 490<br><strong>E-mail:<\/strong>   <img loading=\"lazy\" decoding=\"async\" width=\"150\" height=\"22\" class=\"wp-image-834\" style=\"width: 150px;\" src=\"https:\/\/hotel-fogl.cz\/wp-content\/uploads\/2022\/11\/adresa.png\" alt=\"\"> <\/p>\n\n\n<div class=\"wp-block-image\">\n<figure class=\"alignleft size-full is-resized\"><img loading=\"lazy\" decoding=\"async\" width=\"350\" height=\"350\" src=\"https:\/\/hotel-fogl.cz\/wp-content\/uploads\/2021\/09\/QR.png\" alt=\"\" class=\"wp-image-76\" style=\"width:223px;height:223px\" srcset=\"https:\/\/hotel-fogl.cz\/wp-content\/uploads\/2021\/09\/QR.png 350w, https:\/\/hotel-fogl.cz\/wp-content\/uploads\/2021\/09\/QR-300x300.png 300w, https:\/\/hotel-fogl.cz\/wp-content\/uploads\/2021\/09\/QR-150x150.png 150w\" sizes=\"auto, (max-width: 350px) 100vw, 350px\" \/><\/figure>\n<\/div><\/div>\n\n\n\n<div class=\"wp-block-column is-layout-flow wp-block-column-is-layout-flow\"><div class='wpgmza_map_wrapper'><div id=\"wpgmza_map_block_1\" class=\"wpgmza_map wpgmza_standalone_map_block wpgmza-auto-center\" style=\"display:block;width:100%;height:500px;overflow:hidden;position:relative;\" data-maps-engine=\"open-layers\" data-build-engine=\"standalone-block\" data-icon=\"https:\/\/hotel-fogl.cz\/wp-content\/plugins\/wp-go-maps-block\/images\/icon.png\" data-lat=\"49.0190009\" data-lng=\"15.102651\" data-zoom=\"17\" data-address=\"24, M\u00edrov\u00e9 n\u00e1m., Nov\u00e1 Byst\u0159ice, okres Jind\u0159ich\u016fv Hradec, Jihoz\u00e1pad, 378 33, \u010cesko\" data-infowindow-mode=\"click\" ><\/div><\/div><\/div>\n<\/div>\n\n\n\n<p>  <\/p>\n\n\n\n<div class=\"wp-block-buttons is-layout-flex wp-block-buttons-is-layout-flex\">\n<div class=\"wp-block-button has-custom-width wp-block-button__width-50 has-custom-font-size has-normal-font-size\"><a class=\"wp-block-button__link has-luminous-vivid-amber-color has-text-color has-background wp-element-button\" href=\"https:\/\/www.booking.com\/hotel\/cz\/fogl.de.html?label=gen173nr-1FCAsoOkIEZm9nbEgHWARoOogBAZgBBbgBGcgBD9gBAegBAfgBA4gCAagCA7gCz9CduQbAAgHSAiRlZGY5YTExZS0xOGY5LTQ4M2MtYjU0OC1lNTI0YmYwNjdjODPYAgXgAgE&#038;sid=a6efd998ee95abb17cc2043fb8ff5996&#038;dist=0&#038;keep_landing=1&#038;sb_price_type=total&#038;type=total&#038;lang=de&#038;soz=1&#038;lang_changed=1&#038;explicit_lang_change=1\" style=\"border-radius:18px;background-color:#1d4b1e\" target=\"_blank\" rel=\"noreferrer noopener\"><strong>RESERVIERUNG<\/strong><\/a><\/div>\n<\/div>\n","protected":false},"excerpt":{"rendered":"<p>Hotel Fogl s.r.o.M\u00edrov\u00e9 n\u00e1m\u011bst\u00ed 24378 33 Nov\u00e1 Byst\u0159iceCzech Republic I\u010c: 05638186 &#8211; DI\u010c: CZ05638186 Rezeption &#8211; Restaurant: +420-384 386 338Weinstube: +420-384 386 490E-mail:<\/p>\n","protected":false},"author":1,"featured_media":0,"parent":0,"menu_order":0,"comment_status":"closed","ping_status":"closed","template":"","meta":{"ocean_post_layout":"","ocean_both_sidebars_style":"","ocean_both_sidebars_content_width":0,"ocean_both_sidebars_sidebars_width":0,"ocean_sidebar":"0","ocean_second_sidebar":"0","ocean_disable_margins":"enable","ocean_add_body_class":"","ocean_shortcode_before_top_bar":"","ocean_shortcode_after_top_bar":"","ocean_shortcode_before_header":"","ocean_shortcode_after_header":"","ocean_has_shortcode":"","ocean_shortcode_after_title":"","ocean_shortcode_before_footer_widgets":"","ocean_shortcode_after_footer_widgets":"","ocean_shortcode_before_footer_bottom":"","ocean_shortcode_after_footer_bottom":"","ocean_display_top_bar":"default","ocean_display_header":"default","ocean_header_style":"","ocean_center_header_left_menu":"0","ocean_custom_header_template":"0","ocean_custom_logo":0,"ocean_custom_retina_logo":0,"ocean_custom_logo_max_width":0,"ocean_custom_logo_tablet_max_width":0,"ocean_custom_logo_mobile_max_width":0,"ocean_custom_logo_max_height":0,"ocean_custom_logo_tablet_max_height":0,"ocean_custom_logo_mobile_max_height":0,"ocean_header_custom_menu":"0","ocean_menu_typo_font_family":"0","ocean_menu_typo_font_subset":"","ocean_menu_typo_font_size":0,"ocean_menu_typo_font_size_tablet":0,"ocean_menu_typo_font_size_mobile":0,"ocean_menu_typo_font_size_unit":"px","ocean_menu_typo_font_weight":"","ocean_menu_typo_font_weight_tablet":"","ocean_menu_typo_font_weight_mobile":"","ocean_menu_typo_transform":"","ocean_menu_typo_transform_tablet":"","ocean_menu_typo_transform_mobile":"","ocean_menu_typo_line_height":0,"ocean_menu_typo_line_height_tablet":0,"ocean_menu_typo_line_height_mobile":0,"ocean_menu_typo_line_height_unit":"","ocean_menu_typo_spacing":0,"ocean_menu_typo_spacing_tablet":0,"ocean_menu_typo_spacing_mobile":0,"ocean_menu_typo_spacing_unit":"","ocean_menu_link_color":"","ocean_menu_link_color_hover":"","ocean_menu_link_color_active":"","ocean_menu_link_background":"","ocean_menu_link_hover_background":"","ocean_menu_link_active_background":"","ocean_menu_social_links_bg":"","ocean_menu_social_hover_links_bg":"","ocean_menu_social_links_color":"","ocean_menu_social_hover_links_color":"","ocean_disable_title":"default","ocean_disable_heading":"default","ocean_post_title":"","ocean_post_subheading":"","ocean_post_title_style":"","ocean_post_title_background_color":"","ocean_post_title_background":0,"ocean_post_title_bg_image_position":"","ocean_post_title_bg_image_attachment":"","ocean_post_title_bg_image_repeat":"","ocean_post_title_bg_image_size":"","ocean_post_title_height":0,"ocean_post_title_bg_overlay":0.5,"ocean_post_title_bg_overlay_color":"","ocean_disable_breadcrumbs":"default","ocean_breadcrumbs_color":"","ocean_breadcrumbs_separator_color":"","ocean_breadcrumbs_links_color":"","ocean_breadcrumbs_links_hover_color":"","ocean_display_footer_widgets":"default","ocean_display_footer_bottom":"default","ocean_custom_footer_template":"0","footnotes":""},"class_list":["post-72","page","type-page","status-publish","hentry","entry"],"_links":{"self":[{"href":"https:\/\/hotel-fogl.cz\/de\/wp-json\/wp\/v2\/pages\/72","targetHints":{"allow":["GET"]}}],"collection":[{"href":"https:\/\/hotel-fogl.cz\/de\/wp-json\/wp\/v2\/pages"}],"about":[{"href":"https:\/\/hotel-fogl.cz\/de\/wp-json\/wp\/v2\/types\/page"}],"author":[{"embeddable":true,"href":"https:\/\/hotel-fogl.cz\/de\/wp-json\/wp\/v2\/users\/1"}],"replies":[{"embeddable":true,"href":"https:\/\/hotel-fogl.cz\/de\/wp-json\/wp\/v2\/comments?post=72"}],"version-history":[{"count":22,"href":"https:\/\/hotel-fogl.cz\/de\/wp-json\/wp\/v2\/pages\/72\/revisions"}],"predecessor-version":[{"id":982,"href":"https:\/\/hotel-fogl.cz\/de\/wp-json\/wp\/v2\/pages\/72\/revisions\/982"}],"wp:attachment":[{"href":"https:\/\/hotel-fogl.cz\/de\/wp-json\/wp\/v2\/media?parent=72"}],"curies":[{"name":"wp","href":"https:\/\/api.w.org\/{rel}","templated":true}]}}